{"id":1274,"date":"2025-08-02T22:28:51","date_gmt":"2025-08-02T22:28:51","guid":{"rendered":"https:\/\/ceagre.uem.mz\/?page_id=1274"},"modified":"2025-08-13T09:28:02","modified_gmt":"2025-08-13T09:28:02","slug":"projectos","status":"publish","type":"page","link":"https:\/\/ceagre.uem.mz\/index.php\/projectos\/","title":{"rendered":"Projectos"},"content":{"rendered":"\t\t<div data-elementor-type=\"wp-page\" data-elementor-id=\"1274\" class=\"elementor elementor-1274\">\n\t\t\t\t<div class=\"elementor-element elementor-element-be515fc e-flex e-con-boxed e-con e-parent\" data-id=\"be515fc\" data-element_type=\"container\" data-e-type=\"container\">\n\t\t\t\t\t<div class=\"e-con-inner\">\n\t\t\t\t<div class=\"elementor-element elementor-element-9f67ae9 elementor-widget elementor-widget-spacer\" data-id=\"9f67ae9\" data-element_type=\"widget\" data-e-type=\"widget\" data-widget_type=\"spacer.default\">\n\t\t\t\t<div class=\"elementor-widget-container\">\n\t\t\t\t\t\t\t<div class=\"elementor-spacer\">\n\t\t\t<div class=\"elementor-spacer-inner\"><\/div>\n\t\t<\/div>\n\t\t\t\t\t\t<\/div>\n\t\t\t\t<\/div>\n\t\t\t\t<div class=\"elementor-element elementor-element-2762684 elementor-widget__width-initial elementor-widget elementor-widget-shortcode\" data-id=\"2762684\" data-element_type=\"widget\" data-e-type=\"widget\" data-widget_type=\"shortcode.default\">\n\t\t\t\t<div class=\"elementor-widget-container\">\n\t\t\t\t\t\t\t<div class=\"elementor-shortcode\"><div class=\"forminator-ui forminator-custom-form forminator-custom-form-1273 forminator-design--default  forminator_ajax\" data-forminator-render=\"1\" data-form=\"forminator-module-1273\" data-uid=\"6a094cfb4c7d6\"><br\/><\/div><form\n\t\t\t\tid=\"forminator-module-1273\"\n\t\t\t\tclass=\"forminator-ui forminator-custom-form forminator-custom-form-1273 forminator-design--default  forminator_ajax\"\n\t\t\t\tmethod=\"post\"\n\t\t\t\tdata-forminator-render=\"1\"\n\t\t\t\tdata-form-id=\"1273\"\n\t\t\t\t data-color-option=\"default\" data-design=\"default\" data-grid=\"open\" style=\"display: none;\"\n\t\t\t\tdata-uid=\"6a094cfb4c7d6\"\n\t\t\t><div role=\"alert\" aria-live=\"polite\" class=\"forminator-response-message forminator-error\" aria-hidden=\"true\"><\/div><div class=\"forminator-row\"><div id=\"section-1\" class=\"forminator-field-section forminator-col forminator-col-12 \"><div class=\"forminator-field\"><h2 class=\"forminator-title\">Tipos de Projecto<\/h2><\/div><\/div><\/div><div class=\"forminator-row\"><div id=\"select-1\" class=\"forminator-field-select forminator-col forminator-col-12 \"><div class=\"forminator-field\"><select multiple id=\"forminator-form-1273__field--select-1_6a094cfb4c7d6\" class=\"forminator-select--field forminator-select2 forminator-select2-multiple\" data-required=\"\" name=\"select-1[]\" data-default-value=\"\" data-hidden-behavior=\"zero\" data-placeholder=\"Seleccione o tipo de projecto\" data-search=\"true\" data-search-placeholder=\"Search\" data-checkbox=\"false\" data-allow-clear=\"true\" aria-labelledby=\"forminator-form-1273__field--select-1_6a094cfb4c7d6-label\"><option value=\"one\"  data-calculation=\"0\">Avalia\u00e7\u00e3o, invent\u00e1rios e levantamentos de base<\/option><option value=\"two\"  data-calculation=\"0\">Forma\u00e7\u00e3o e desenvolvimento curricular<\/option><option value=\"Avalia\u00e7\u00e3o-de-pol\u00edticas-e-de-programas-e-projectos-agr\u00e1rios-e-de-desenvolvimento-rural\"  data-calculation=\"0\">Invent\u00e1rios florestais<\/option><option value=\"Ambiente\"  data-calculation=\"0\">Investiga\u00e7\u00e3o aplicada e desenvolvimento agr\u00e1rio e rural<\/option><\/select><\/div><\/div><\/div><input type=\"hidden\" name=\"referer_url\" value=\"\" \/><div class=\"forminator-row forminator-row-last\"><div class=\"forminator-col\"><div class=\"forminator-field\"><button class=\"forminator-button forminator-button-submit\">Ver<\/button><\/div><\/div><\/div><input type=\"hidden\" id=\"forminator_nonce\" name=\"forminator_nonce\" value=\"bd992be58d\" \/><input type=\"hidden\" name=\"_wp_http_referer\" value=\"\/index.php\/wp-json\/wp\/v2\/pages\/1274\" \/><input type=\"hidden\" name=\"form_id\" value=\"1273\"><input type=\"hidden\" name=\"page_id\" value=\"1274\"><input type=\"hidden\" name=\"form_type\" value=\"default\"><input type=\"hidden\" name=\"current_url\" value=\"https:\/\/ceagre.uem.mz\/index.php\/projectos\/\"><input type=\"hidden\" name=\"render_id\" value=\"1\"><input type=\"hidden\" name=\"action\" value=\"forminator_submit_form_custom-forms\"><\/form><\/div>\n\t\t\t\t\t\t<\/div>\n\t\t\t\t<\/div>\n\t\t\t\t\t<\/div>\n\t\t\t\t<\/div>\n\t\t\t\t<\/div>\n\t\t","protected":false},"excerpt":{"rendered":"","protected":false},"author":2,"featured_media":0,"parent":0,"menu_order":0,"comment_status":"closed","ping_status":"closed","template":"elementor_header_footer","meta":{"footnotes":""},"class_list":["post-1274","page","type-page","status-publish","hentry"],"_links":{"self":[{"href":"https:\/\/ceagre.uem.mz\/index.php\/wp-json\/wp\/v2\/pages\/1274","targetHints":{"allow":["GET"]}}],"collection":[{"href":"https:\/\/ceagre.uem.mz\/index.php\/wp-json\/wp\/v2\/pages"}],"about":[{"href":"https:\/\/ceagre.uem.mz\/index.php\/wp-json\/wp\/v2\/types\/page"}],"author":[{"embeddable":true,"href":"https:\/\/ceagre.uem.mz\/index.php\/wp-json\/wp\/v2\/users\/2"}],"replies":[{"embeddable":true,"href":"https:\/\/ceagre.uem.mz\/index.php\/wp-json\/wp\/v2\/comments?post=1274"}],"version-history":[{"count":15,"href":"https:\/\/ceagre.uem.mz\/index.php\/wp-json\/wp\/v2\/pages\/1274\/revisions"}],"predecessor-version":[{"id":1298,"href":"https:\/\/ceagre.uem.mz\/index.php\/wp-json\/wp\/v2\/pages\/1274\/revisions\/1298"}],"wp:attachment":[{"href":"https:\/\/ceagre.uem.mz\/index.php\/wp-json\/wp\/v2\/media?parent=1274"}],"curies":[{"name":"wp","href":"https:\/\/api.w.org\/{rel}","templated":true}]}}