{"id":290,"date":"2024-12-17T19:16:59","date_gmt":"2024-12-17T19:16:59","guid":{"rendered":"https:\/\/ceagre.uem.mz\/?page_id=290"},"modified":"2025-08-13T09:27:43","modified_gmt":"2025-08-13T09:27:43","slug":"noticias","status":"publish","type":"page","link":"https:\/\/ceagre.uem.mz\/index.php\/noticias\/","title":{"rendered":"Not\u00edcias"},"content":{"rendered":"\t\t<div data-elementor-type=\"wp-page\" data-elementor-id=\"290\" class=\"elementor elementor-290\">\n\t\t\t\t<div class=\"elementor-element elementor-element-8ee5710 e-flex e-con-boxed e-con e-parent\" data-id=\"8ee5710\" data-element_type=\"container\" data-e-type=\"container\">\n\t\t\t\t\t<div class=\"e-con-inner\">\n\t\t\t\t<div class=\"elementor-element elementor-element-05461f2 elementor-widget elementor-widget-page-title\" data-id=\"05461f2\" data-element_type=\"widget\" data-e-type=\"widget\" data-widget_type=\"page-title.default\">\n\t\t\t\t<div class=\"elementor-widget-container\">\n\t\t\t\t\t\t\t\n\t\t<div class=\"hfe-page-title hfe-page-title-wrapper elementor-widget-heading\">\n\n\t\t\t\t\t\t\t\t\t\t\t<a href=\"https:\/\/ceagre.uem.mz\">\n\t\t\t\t\t\t<h2 class=\"elementor-heading-title elementor-size-default\">\n\t\t\t\t\t\t\t\t\n\t\t\t\tNot\u00edcias  \n\t\t\t<\/h2 > \n\t\t\t\t\t\t\t\t\t<\/a>\n\t\t\t\t\t<\/div>\n\t\t\t\t\t\t<\/div>\n\t\t\t\t<\/div>\n\t\t\t\t<div class=\"elementor-element elementor-element-55b2076 elementor-widget elementor-widget-upk-harold-list\" data-id=\"55b2076\" data-element_type=\"widget\" data-e-type=\"widget\" data-widget_type=\"upk-harold-list.default\">\n\t\t\t\t<div class=\"elementor-widget-container\">\n\t\t\t\t\t\t\t<div class=\"upk-harold-list upk-ajax-grid\" data-loadmore=\"[]\">\n\t\t\t<div class=\"upk-list-wrap upk-ajax-grid-wrap\">\n\n\t\t\t\t\n\t\t\t\t\t\t\t<div class=\"upk-item\">\n\t\t\t<div class=\"upk-item-box\">\n\t\t\t\t\t\t\t\t\t<div class=\"upk-image-wrap\">\n\t\t\t\t\t\t<img fetchpriority=\"high\" decoding=\"async\" width=\"300\" height=\"225\" src=\"https:\/\/ceagre.uem.mz\/wp-content\/uploads\/2023\/04\/20240606_122239-300x225.jpg\" class=\"upk-img\" alt=\"\u00c1frica Austral intensifica esfor\u00e7os para enfrentar ciclones tropicais com novo estudo regional\" srcset=\"https:\/\/ceagre.uem.mz\/wp-content\/uploads\/2023\/04\/20240606_122239-300x225.jpg 300w, https:\/\/ceagre.uem.mz\/wp-content\/uploads\/2023\/04\/20240606_122239-1024x768.jpg 1024w, https:\/\/ceagre.uem.mz\/wp-content\/uploads\/2023\/04\/20240606_122239-768x576.jpg 768w, https:\/\/ceagre.uem.mz\/wp-content\/uploads\/2023\/04\/20240606_122239-1536x1152.jpg 1536w, https:\/\/ceagre.uem.mz\/wp-content\/uploads\/2023\/04\/20240606_122239-2048x1536.jpg 2048w\" sizes=\"(max-width: 300px) 100vw, 300px\" \/>\t\t\t\t\t<\/div>\n\t\t\t\t\t\t\t\t<div class=\"upk-content\">\n\t\t\t\t\t<div>\n\t\t\t\t\t\t\t\t<div class=\"upk-category\">\n\t\t\t<a href=\"https:\/\/ceagre.uem.mz\/index.php\/category\/noticias\/\" \n\t\t\t\t\t\t\taria-label=\"Category noticias\">noticias<\/a> <a href=\"https:\/\/ceagre.uem.mz\/index.php\/category\/rural\/\" \n\t\t\t\t\t\t\taria-label=\"Category rural\">rural<\/a>\t\t<\/div>\n\t\t\t\t\t\t\t<h3 class=\"upk-title\"><a href=\"https:\/\/ceagre.uem.mz\/index.php\/2025\/05\/16\/setting-goals-and-staying-motivated\/\" title=\"\u00c1frica Austral intensifica esfor\u00e7os para enfrentar ciclones tropicais com novo estudo regional\" class=\"title-animation-underline\" aria-label=\"\u00c1frica Austral intensifica esfor\u00e7os para enfrentar ciclones tropicais com novo estudo regional\">\u00c1frica Austral intensifica esfor\u00e7os para enfrentar ciclones tropicais com novo estudo regional<\/a><\/h3>\t\t\t\t\t\t\t\t\t\t\t\t<div class=\"upk-meta\">\n\t\t\t\t\t\t\t\n\t\t<div class=\"upk-author\">\n\t\t\t<a href=\"https:\/\/ceagre.uem.mz\/index.php\/author\/claudio\/\">\n\t\t\t\t<i class=\"upk-icon-user\"><\/i>\n\t\t\t\t<span class=\"upk-author-name\">Cl\u00e1udio Chaquice<\/span>\n\t\t\t<\/a>\n\t\t<\/div>\n\n\t\t\t\t\t\t\t\t\t\t\t\t\t\t\t\t<div data-separator=\".\">\n\t\t\t\t\t\t\t\t\t\t<div class=\"upk-flex\">\n\t\t\t<div class=\"upk-date\">\n\t\t\t\t<i class=\"upk-icon-calendar\"><\/i>\n\t\t\t\t<span class=\"upk-harold-date\">\n\t\t\t\t\tMaio 16, 2025\t\t\t\t<\/span>\n\t\t\t<\/div>\n\t\t\t\t\t<\/div>\n\n\t\t\t\t\t\t\t\t\t<\/div>\n\t\t\t\t\t\t\t\t\t\t\t\t\t\t\t\t\t\t\t\t<\/div>\n\t\t\t\t\t\t\t\t\t\t\t<\/div>\n\t\t\t\t<\/div>\n\t\t\t<\/div>\n\t\t<\/div>\n\n\t\n\t\t\t\t\n\t\t\t\t\t\t\t<div class=\"upk-item\">\n\t\t\t<div class=\"upk-item-box\">\n\t\t\t\t\t\t\t\t\t<div class=\"upk-image-wrap\">\n\t\t\t\t\t\t<img decoding=\"async\" width=\"300\" height=\"200\" src=\"https:\/\/ceagre.uem.mz\/wp-content\/uploads\/2025\/02\/WhatsApp-Image-2025-02-25-at-13.49.58-1-300x200.jpeg\" class=\"upk-img\" alt=\"Projecto PRAIAS VERDES, uma iniciativa da FAEF com apoio do Standard Bank.\" srcset=\"https:\/\/ceagre.uem.mz\/wp-content\/uploads\/2025\/02\/WhatsApp-Image-2025-02-25-at-13.49.58-1-300x200.jpeg 300w, https:\/\/ceagre.uem.mz\/wp-content\/uploads\/2025\/02\/WhatsApp-Image-2025-02-25-at-13.49.58-1-1024x682.jpeg 1024w, https:\/\/ceagre.uem.mz\/wp-content\/uploads\/2025\/02\/WhatsApp-Image-2025-02-25-at-13.49.58-1-768x512.jpeg 768w, https:\/\/ceagre.uem.mz\/wp-content\/uploads\/2025\/02\/WhatsApp-Image-2025-02-25-at-13.49.58-1.jpeg 1280w\" sizes=\"(max-width: 300px) 100vw, 300px\" \/>\t\t\t\t\t<\/div>\n\t\t\t\t\t\t\t\t<div class=\"upk-content\">\n\t\t\t\t\t<div>\n\t\t\t\t\t\t\t\t<div class=\"upk-category\">\n\t\t\t<a href=\"https:\/\/ceagre.uem.mz\/index.php\/category\/beauty\/\" \n\t\t\t\t\t\t\taria-label=\"Category Beauty\">Beauty<\/a> <a href=\"https:\/\/ceagre.uem.mz\/index.php\/category\/photography\/\" \n\t\t\t\t\t\t\taria-label=\"Category Photography\">Photography<\/a>\t\t<\/div>\n\t\t\t\t\t\t\t<h3 class=\"upk-title\"><a href=\"https:\/\/ceagre.uem.mz\/index.php\/2024\/07\/20\/my-experience-with-anxiety-and-depression\/\" title=\"Projecto PRAIAS VERDES, uma iniciativa da FAEF com apoio do Standard Bank.\" class=\"title-animation-underline\" aria-label=\"Projecto PRAIAS VERDES, uma iniciativa da FAEF com apoio do Standard Bank.\">Projecto PRAIAS VERDES, uma iniciativa da FAEF com apoio do Standard Bank.<\/a><\/h3>\t\t\t\t\t\t\t\t\t\t\t\t<div class=\"upk-meta\">\n\t\t\t\t\t\t\t\n\t\t<div class=\"upk-author\">\n\t\t\t<a href=\"https:\/\/ceagre.uem.mz\/index.php\/author\/claudio\/\">\n\t\t\t\t<i class=\"upk-icon-user\"><\/i>\n\t\t\t\t<span class=\"upk-author-name\">Cl\u00e1udio Chaquice<\/span>\n\t\t\t<\/a>\n\t\t<\/div>\n\n\t\t\t\t\t\t\t\t\t\t\t\t\t\t\t\t<div data-separator=\".\">\n\t\t\t\t\t\t\t\t\t\t<div class=\"upk-flex\">\n\t\t\t<div class=\"upk-date\">\n\t\t\t\t<i class=\"upk-icon-calendar\"><\/i>\n\t\t\t\t<span class=\"upk-harold-date\">\n\t\t\t\t\tJulho 20, 2024\t\t\t\t<\/span>\n\t\t\t<\/div>\n\t\t\t\t\t<\/div>\n\n\t\t\t\t\t\t\t\t\t<\/div>\n\t\t\t\t\t\t\t\t\t\t\t\t\t\t\t\t\t\t\t\t<\/div>\n\t\t\t\t\t\t\t\t\t\t\t<\/div>\n\t\t\t\t<\/div>\n\t\t\t<\/div>\n\t\t<\/div>\n\n\t\n\t\t\t\t\n\t\t\t\t\t\t\t<div class=\"upk-item\">\n\t\t\t<div class=\"upk-item-box\">\n\t\t\t\t\t\t\t\t\t<div class=\"upk-image-wrap\">\n\t\t\t\t\t\t<img decoding=\"async\" width=\"300\" height=\"225\" src=\"https:\/\/ceagre.uem.mz\/wp-content\/uploads\/2025\/02\/WhatsApp-Image-2025-02-25-at-13.49.58-300x225.jpeg\" class=\"upk-img\" alt=\"Projecto inovador transforma garrafas PET em solu\u00e7\u00e3o de rega sustent\u00e1vel\" srcset=\"https:\/\/ceagre.uem.mz\/wp-content\/uploads\/2025\/02\/WhatsApp-Image-2025-02-25-at-13.49.58-300x225.jpeg 300w, https:\/\/ceagre.uem.mz\/wp-content\/uploads\/2025\/02\/WhatsApp-Image-2025-02-25-at-13.49.58-1024x768.jpeg 1024w, https:\/\/ceagre.uem.mz\/wp-content\/uploads\/2025\/02\/WhatsApp-Image-2025-02-25-at-13.49.58-768x576.jpeg 768w, https:\/\/ceagre.uem.mz\/wp-content\/uploads\/2025\/02\/WhatsApp-Image-2025-02-25-at-13.49.58.jpeg 1280w\" sizes=\"(max-width: 300px) 100vw, 300px\" \/>\t\t\t\t\t<\/div>\n\t\t\t\t\t\t\t\t<div class=\"upk-content\">\n\t\t\t\t\t<div>\n\t\t\t\t\t\t\t\t<div class=\"upk-category\">\n\t\t\t<a href=\"https:\/\/ceagre.uem.mz\/index.php\/category\/noticias\/\" \n\t\t\t\t\t\t\taria-label=\"Category noticias\">noticias<\/a> <a href=\"https:\/\/ceagre.uem.mz\/index.php\/category\/rural\/\" \n\t\t\t\t\t\t\taria-label=\"Category rural\">rural<\/a>\t\t<\/div>\n\t\t\t\t\t\t\t<h3 class=\"upk-title\"><a href=\"https:\/\/ceagre.uem.mz\/index.php\/2024\/07\/16\/reflecting-on-the-blessings-in-my-life\/\" title=\"Projecto inovador transforma garrafas PET em solu\u00e7\u00e3o de rega sustent\u00e1vel\" class=\"title-animation-underline\" aria-label=\"Projecto inovador transforma garrafas PET em solu\u00e7\u00e3o de rega sustent\u00e1vel\">Projecto inovador transforma garrafas PET em solu\u00e7\u00e3o de rega sustent\u00e1vel<\/a><\/h3>\t\t\t\t\t\t\t\t\t\t\t\t<div class=\"upk-meta\">\n\t\t\t\t\t\t\t\n\t\t<div class=\"upk-author\">\n\t\t\t<a href=\"https:\/\/ceagre.uem.mz\/index.php\/author\/claudio\/\">\n\t\t\t\t<i class=\"upk-icon-user\"><\/i>\n\t\t\t\t<span class=\"upk-author-name\">Cl\u00e1udio Chaquice<\/span>\n\t\t\t<\/a>\n\t\t<\/div>\n\n\t\t\t\t\t\t\t\t\t\t\t\t\t\t\t\t<div data-separator=\".\">\n\t\t\t\t\t\t\t\t\t\t<div class=\"upk-flex\">\n\t\t\t<div class=\"upk-date\">\n\t\t\t\t<i class=\"upk-icon-calendar\"><\/i>\n\t\t\t\t<span class=\"upk-harold-date\">\n\t\t\t\t\tJulho 16, 2024\t\t\t\t<\/span>\n\t\t\t<\/div>\n\t\t\t\t\t<\/div>\n\n\t\t\t\t\t\t\t\t\t<\/div>\n\t\t\t\t\t\t\t\t\t\t\t\t\t\t\t\t\t\t\t\t<\/div>\n\t\t\t\t\t\t\t\t\t\t\t<\/div>\n\t\t\t\t<\/div>\n\t\t\t<\/div>\n\t\t<\/div>\n\n\t\n\t\t\t\t\n\t\t\t\t\t\t\t<div class=\"upk-item\">\n\t\t\t<div class=\"upk-item-box\">\n\t\t\t\t\t\t\t\t\t<div class=\"upk-image-wrap\">\n\t\t\t\t\t\t<img loading=\"lazy\" decoding=\"async\" width=\"300\" height=\"225\" src=\"https:\/\/ceagre.uem.mz\/wp-content\/uploads\/2025\/02\/15-Headnote-300x225.jpg\" class=\"upk-img\" alt=\"Visita de estudo \u00e0 machambas e intera\u00e7\u00e3o com Produtores no \u00e2mbito de actividades de ensino.\" srcset=\"https:\/\/ceagre.uem.mz\/wp-content\/uploads\/2025\/02\/15-Headnote-300x225.jpg 300w, https:\/\/ceagre.uem.mz\/wp-content\/uploads\/2025\/02\/15-Headnote.jpg 640w\" sizes=\"(max-width: 300px) 100vw, 300px\" \/>\t\t\t\t\t<\/div>\n\t\t\t\t\t\t\t\t<div class=\"upk-content\">\n\t\t\t\t\t<div>\n\t\t\t\t\t\t\t\t<div class=\"upk-category\">\n\t\t\t<a href=\"https:\/\/ceagre.uem.mz\/index.php\/category\/noticias\/\" \n\t\t\t\t\t\t\taria-label=\"Category noticias\">noticias<\/a> <a href=\"https:\/\/ceagre.uem.mz\/index.php\/category\/rural\/\" \n\t\t\t\t\t\t\taria-label=\"Category rural\">rural<\/a>\t\t<\/div>\n\t\t\t\t\t\t\t<h3 class=\"upk-title\"><a href=\"https:\/\/ceagre.uem.mz\/index.php\/2024\/07\/10\/change-coping-with-lifes-transitions\/\" title=\"Visita de estudo \u00e0 machambas e intera\u00e7\u00e3o com Produtores no \u00e2mbito de actividades de ensino.\" class=\"title-animation-underline\" aria-label=\"Visita de estudo \u00e0 machambas e intera\u00e7\u00e3o com Produtores no \u00e2mbito de actividades de ensino.\">Visita de estudo \u00e0 machambas e intera\u00e7\u00e3o com Produtores no \u00e2mbito de actividades de ensino.<\/a><\/h3>\t\t\t\t\t\t\t\t\t\t\t\t<div class=\"upk-meta\">\n\t\t\t\t\t\t\t\n\t\t<div class=\"upk-author\">\n\t\t\t<a href=\"https:\/\/ceagre.uem.mz\/index.php\/author\/claudio\/\">\n\t\t\t\t<i class=\"upk-icon-user\"><\/i>\n\t\t\t\t<span class=\"upk-author-name\">Cl\u00e1udio Chaquice<\/span>\n\t\t\t<\/a>\n\t\t<\/div>\n\n\t\t\t\t\t\t\t\t\t\t\t\t\t\t\t\t<div data-separator=\".\">\n\t\t\t\t\t\t\t\t\t\t<div class=\"upk-flex\">\n\t\t\t<div class=\"upk-date\">\n\t\t\t\t<i class=\"upk-icon-calendar\"><\/i>\n\t\t\t\t<span class=\"upk-harold-date\">\n\t\t\t\t\tJulho 10, 2024\t\t\t\t<\/span>\n\t\t\t<\/div>\n\t\t\t\t\t<\/div>\n\n\t\t\t\t\t\t\t\t\t<\/div>\n\t\t\t\t\t\t\t\t\t\t\t\t\t\t\t\t\t\t\t\t<\/div>\n\t\t\t\t\t\t\t\t\t\t\t<\/div>\n\t\t\t\t<\/div>\n\t\t\t<\/div>\n\t\t<\/div>\n\n\t\n\t\t\t\t\n\t\t\t\t\t\t\t<div class=\"upk-item\">\n\t\t\t<div class=\"upk-item-box\">\n\t\t\t\t\t\t\t\t\t<div class=\"upk-image-wrap\">\n\t\t\t\t\t\t<img loading=\"lazy\" decoding=\"async\" width=\"300\" height=\"214\" src=\"https:\/\/ceagre.uem.mz\/wp-content\/uploads\/2024\/06\/portfolio-6-300x214.jpg\" class=\"upk-img\" alt=\"Comunidade Rural Participa de Capacita\u00e7\u00e3o\" srcset=\"https:\/\/ceagre.uem.mz\/wp-content\/uploads\/2024\/06\/portfolio-6-300x214.jpg 300w, https:\/\/ceagre.uem.mz\/wp-content\/uploads\/2024\/06\/portfolio-6-1024x732.jpg 1024w, https:\/\/ceagre.uem.mz\/wp-content\/uploads\/2024\/06\/portfolio-6-768x549.jpg 768w, https:\/\/ceagre.uem.mz\/wp-content\/uploads\/2024\/06\/portfolio-6-1536x1097.jpg 1536w, https:\/\/ceagre.uem.mz\/wp-content\/uploads\/2024\/06\/portfolio-6-2048x1463.jpg 2048w\" sizes=\"(max-width: 300px) 100vw, 300px\" \/>\t\t\t\t\t<\/div>\n\t\t\t\t\t\t\t\t<div class=\"upk-content\">\n\t\t\t\t\t<div>\n\t\t\t\t\t\t\t\t<div class=\"upk-category\">\n\t\t\t<a href=\"https:\/\/ceagre.uem.mz\/index.php\/category\/noticias\/\" \n\t\t\t\t\t\t\taria-label=\"Category noticias\">noticias<\/a> <a href=\"https:\/\/ceagre.uem.mz\/index.php\/category\/rural\/\" \n\t\t\t\t\t\t\taria-label=\"Category rural\">rural<\/a>\t\t<\/div>\n\t\t\t\t\t\t\t<h3 class=\"upk-title\"><a href=\"https:\/\/ceagre.uem.mz\/index.php\/2024\/06\/21\/comunidade-rural-participa-de-capacitacao\/\" title=\"Comunidade Rural Participa de Capacita\u00e7\u00e3o\" class=\"title-animation-underline\" aria-label=\"Comunidade Rural Participa de Capacita\u00e7\u00e3o\">Comunidade Rural Participa de Capacita\u00e7\u00e3o<\/a><\/h3>\t\t\t\t\t\t\t\t\t\t\t\t<div class=\"upk-meta\">\n\t\t\t\t\t\t\t\n\t\t<div class=\"upk-author\">\n\t\t\t<a href=\"https:\/\/ceagre.uem.mz\/index.php\/author\/claudio\/\">\n\t\t\t\t<i class=\"upk-icon-user\"><\/i>\n\t\t\t\t<span class=\"upk-author-name\">Cl\u00e1udio Chaquice<\/span>\n\t\t\t<\/a>\n\t\t<\/div>\n\n\t\t\t\t\t\t\t\t\t\t\t\t\t\t\t\t<div data-separator=\".\">\n\t\t\t\t\t\t\t\t\t\t<div class=\"upk-flex\">\n\t\t\t<div class=\"upk-date\">\n\t\t\t\t<i class=\"upk-icon-calendar\"><\/i>\n\t\t\t\t<span class=\"upk-harold-date\">\n\t\t\t\t\tJunho 21, 2024\t\t\t\t<\/span>\n\t\t\t<\/div>\n\t\t\t\t\t<\/div>\n\n\t\t\t\t\t\t\t\t\t<\/div>\n\t\t\t\t\t\t\t\t\t\t\t\t\t\t\t\t\t\t\t\t<\/div>\n\t\t\t\t\t\t\t\t\t\t\t<\/div>\n\t\t\t\t<\/div>\n\t\t\t<\/div>\n\t\t<\/div>\n\n\t\n\t\t\t\t\n\t\t\t\t\t\t\t<div class=\"upk-item\">\n\t\t\t<div class=\"upk-item-box\">\n\t\t\t\t\t\t\t\t\t<div class=\"upk-image-wrap\">\n\t\t\t\t\t\t<img loading=\"lazy\" decoding=\"async\" width=\"300\" height=\"214\" src=\"https:\/\/ceagre.uem.mz\/wp-content\/uploads\/2024\/06\/image-1-300x214.png\" class=\"upk-img\" alt=\"Governador da Prov\u00edncia de Inhambane Inicia Constru\u00e7\u00e3o de Sistema de Abastecimento\" srcset=\"https:\/\/ceagre.uem.mz\/wp-content\/uploads\/2024\/06\/image-1-300x214.png 300w, https:\/\/ceagre.uem.mz\/wp-content\/uploads\/2024\/06\/image-1-1024x731.png 1024w, https:\/\/ceagre.uem.mz\/wp-content\/uploads\/2024\/06\/image-1-768x548.png 768w, https:\/\/ceagre.uem.mz\/wp-content\/uploads\/2024\/06\/image-1-1536x1097.png 1536w, https:\/\/ceagre.uem.mz\/wp-content\/uploads\/2024\/06\/image-1-2048x1462.png 2048w\" sizes=\"(max-width: 300px) 100vw, 300px\" \/>\t\t\t\t\t<\/div>\n\t\t\t\t\t\t\t\t<div class=\"upk-content\">\n\t\t\t\t\t<div>\n\t\t\t\t\t\t\t\t<div class=\"upk-category\">\n\t\t\t<a href=\"https:\/\/ceagre.uem.mz\/index.php\/category\/noticias\/\" \n\t\t\t\t\t\t\taria-label=\"Category noticias\">noticias<\/a> <a href=\"https:\/\/ceagre.uem.mz\/index.php\/category\/rural\/\" \n\t\t\t\t\t\t\taria-label=\"Category rural\">rural<\/a>\t\t<\/div>\n\t\t\t\t\t\t\t<h3 class=\"upk-title\"><a href=\"https:\/\/ceagre.uem.mz\/index.php\/2024\/06\/21\/governador-da-provincia-de-inhambane-inicia-construcao-de-sistema-de-abastecimento\/\" title=\"Governador da Prov\u00edncia de Inhambane Inicia Constru\u00e7\u00e3o de Sistema de Abastecimento\" class=\"title-animation-underline\" aria-label=\"Governador da Prov\u00edncia de Inhambane Inicia Constru\u00e7\u00e3o de Sistema de Abastecimento\">Governador da Prov\u00edncia de Inhambane Inicia Constru\u00e7\u00e3o de Sistema de Abastecimento<\/a><\/h3>\t\t\t\t\t\t\t\t\t\t\t\t<div class=\"upk-meta\">\n\t\t\t\t\t\t\t\n\t\t<div class=\"upk-author\">\n\t\t\t<a href=\"https:\/\/ceagre.uem.mz\/index.php\/author\/claudio\/\">\n\t\t\t\t<i class=\"upk-icon-user\"><\/i>\n\t\t\t\t<span class=\"upk-author-name\">Cl\u00e1udio Chaquice<\/span>\n\t\t\t<\/a>\n\t\t<\/div>\n\n\t\t\t\t\t\t\t\t\t\t\t\t\t\t\t\t<div data-separator=\".\">\n\t\t\t\t\t\t\t\t\t\t<div class=\"upk-flex\">\n\t\t\t<div class=\"upk-date\">\n\t\t\t\t<i class=\"upk-icon-calendar\"><\/i>\n\t\t\t\t<span class=\"upk-harold-date\">\n\t\t\t\t\tJunho 21, 2024\t\t\t\t<\/span>\n\t\t\t<\/div>\n\t\t\t\t\t<\/div>\n\n\t\t\t\t\t\t\t\t\t<\/div>\n\t\t\t\t\t\t\t\t\t\t\t\t\t\t\t\t\t\t\t\t<\/div>\n\t\t\t\t\t\t\t\t\t\t\t<\/div>\n\t\t\t\t<\/div>\n\t\t\t<\/div>\n\t\t<\/div>\n\n\t\n\t\t\t\t\t\t\t<\/div>\n\t\t<\/div>\n\n\t\t\n\t\t\t\t\t\t<\/div>\n\t\t\t\t<\/div>\n\t\t\t\t\t<\/div>\n\t\t\t\t<\/div>\n\t\t\t\t<\/div>\n\t\t","protected":false},"excerpt":{"rendered":"<p>Not\u00edcias noticias Perfil da Organiza\u00e7\u00e3o do CEAGRE Cl\u00e1udio Chaquice December 18, 2024 noticias rural Comunidade Rural Participa de Capacita\u00e7\u00e3o admin June 21, 2024 noticias rural Governador da Prov\u00edncia de Inhambane Inicia Constru\u00e7\u00e3o de Sistema de Abastecimento admin June 21, 2024<\/p>\n","protected":false},"author":2,"featured_media":0,"parent":0,"menu_order":0,"comment_status":"closed","ping_status":"closed","template":"elementor_header_footer","meta":{"footnotes":""},"class_list":["post-290","page","type-page","status-publish","hentry"],"_links":{"self":[{"href":"https:\/\/ceagre.uem.mz\/index.php\/wp-json\/wp\/v2\/pages\/290","targetHints":{"allow":["GET"]}}],"collection":[{"href":"https:\/\/ceagre.uem.mz\/index.php\/wp-json\/wp\/v2\/pages"}],"about":[{"href":"https:\/\/ceagre.uem.mz\/index.php\/wp-json\/wp\/v2\/types\/page"}],"author":[{"embeddable":true,"href":"https:\/\/ceagre.uem.mz\/index.php\/wp-json\/wp\/v2\/users\/2"}],"replies":[{"embeddable":true,"href":"https:\/\/ceagre.uem.mz\/index.php\/wp-json\/wp\/v2\/comments?post=290"}],"version-history":[{"count":11,"href":"https:\/\/ceagre.uem.mz\/index.php\/wp-json\/wp\/v2\/pages\/290\/revisions"}],"predecessor-version":[{"id":1235,"href":"https:\/\/ceagre.uem.mz\/index.php\/wp-json\/wp\/v2\/pages\/290\/revisions\/1235"}],"wp:attachment":[{"href":"https:\/\/ceagre.uem.mz\/index.php\/wp-json\/wp\/v2\/media?parent=290"}],"curies":[{"name":"wp","href":"https:\/\/api.w.org\/{rel}","templated":true}]}}